{"id":26683,"date":"2025-06-03T21:58:08","date_gmt":"2025-06-03T19:58:08","guid":{"rendered":"https:\/\/sagafjord.dk\/the-sailing-route\/"},"modified":"2025-08-29T13:25:59","modified_gmt":"2025-08-29T11:25:59","slug":"the-sailing-route","status":"publish","type":"page","link":"https:\/\/sagafjord.dk\/en\/the-sailing-route\/","title":{"rendered":"The sailing route"},"content":{"rendered":"\t\t<div data-elementor-type=\"wp-page\" data-elementor-id=\"26683\" class=\"elementor elementor-26683 elementor-23900\" data-elementor-post-type=\"page\">\n\t\t\t\t\t\t<section class=\"elementor-section elementor-top-section elementor-element elementor-element-211df7a9 elementor-section-full_width elementor-section-height-min-height elementor-section-height-default elementor-section-items-middle\" data-id=\"211df7a9\" data-element_type=\"section\" data-e-type=\"section\" data-settings=\"{&quot;background_background&quot;:&quot;classic&quot;}\">\n\t\t\t\t\t\t\t<div class=\"elementor-background-overlay\"><\/div>\n\t\t\t\t\t\t\t<div class=\"elementor-container elementor-column-gap-default\">\n\t\t\t\t\t<div class=\"elementor-column elementor-col-100 elementor-top-column elementor-element elementor-element-23eedeb2\" data-id=\"23eedeb2\" data-element_type=\"column\" data-e-type=\"column\">\n\t\t\t<div class=\"elementor-widget-wrap\">\n\t\t\t\t\t\t\t<\/div>\n\t\t<\/div>\n\t\t\t\t\t<\/div>\n\t\t<\/section>\n\t\t\t\t<section class=\"elementor-section elementor-top-section elementor-element elementor-element-14a5d67 elementor-section-boxed elementor-section-height-default elementor-section-height-default\" data-id=\"14a5d67\" data-element_type=\"section\" data-e-type=\"section\" data-settings=\"{&quot;background_background&quot;:&quot;classic&quot;}\">\n\t\t\t\t\t\t<div class=\"elementor-container elementor-column-gap-default\">\n\t\t\t\t\t<div class=\"elementor-column elementor-col-100 elementor-top-column elementor-element elementor-element-006e092\" data-id=\"006e092\" data-element_type=\"column\" data-e-type=\"column\">\n\t\t\t<div class=\"elementor-widget-wrap elementor-element-populated\">\n\t\t\t\t\t\t<div class=\"elementor-element elementor-element-1f0e2706 elementor-widget elementor-widget-heading\" data-id=\"1f0e2706\" data-element_type=\"widget\" data-e-type=\"widget\" data-widget_type=\"heading.default\">\n\t\t\t\t<div class=\"elementor-widget-container\">\n\t\t\t\t\t<h1 class=\"elementor-heading-title elementor-size-default\">The sailing route<\/h1>\t\t\t\t<\/div>\n\t\t\t\t<\/div>\n\t\t\t\t<div class=\"elementor-element elementor-element-53494a71 elementor-widget elementor-widget-heading\" data-id=\"53494a71\" data-element_type=\"widget\" data-e-type=\"widget\" data-widget_type=\"heading.default\">\n\t\t\t\t<div class=\"elementor-widget-container\">\n\t\t\t\t\t<h3 class=\"elementor-heading-title elementor-size-default\">It's not just about the food or the sailing trip \u2013 it's about the unique overall experience that we at Sagafjord can offer our guests.<br><br>Through the sailing route, we pass several sights hidden around Roskilde Fjord. While sailing by, you can hear Stig Rossen talking a bit about the places over the loudspeakers. You can enjoy the view at the table during dinner, or on top of our deck, with the wind in your hair and a direct view of the Fjord.  <\/h3>\t\t\t\t<\/div>\n\t\t\t\t<\/div>\n\t\t\t\t<section class=\"elementor-section elementor-inner-section elementor-element elementor-element-55f5261c elementor-section-boxed elementor-section-height-default elementor-section-height-default\" data-id=\"55f5261c\" data-element_type=\"section\" data-e-type=\"section\">\n\t\t\t\t\t\t<div class=\"elementor-container elementor-column-gap-wider\">\n\t\t\t\t\t<div class=\"elementor-column elementor-col-50 elementor-inner-column elementor-element elementor-element-52e0ebb2 animated-slow\" data-id=\"52e0ebb2\" data-element_type=\"column\" data-e-type=\"column\" data-settings=\"{&quot;animation&quot;:&quot;none&quot;,&quot;animation_delay&quot;:600}\">\n\t\t\t<div class=\"elementor-widget-wrap elementor-element-populated\">\n\t\t\t\t\t\t<div class=\"elementor-element elementor-element-59947d95 elementor-widget elementor-widget-image\" data-id=\"59947d95\" data-element_type=\"widget\" data-e-type=\"widget\" data-widget_type=\"image.default\">\n\t\t\t\t<div class=\"elementor-widget-container\">\n\t\t\t\t\t\t\t\t\t\t\t\t\t\t\t\t<a href=\"https:\/\/sagafjord.dk\/wp-content\/uploads\/2023\/03\/sagafjord_frokosttur.jpg\" data-elementor-open-lightbox=\"yes\" data-elementor-lightbox-title=\"sagafjord_frokosttur.jpg\" data-elementor-lightbox-description=\"Kort med sev\u00e6rdigheder p\u00e5 frokost sejladsen\" data-e-action-hash=\"#elementor-action%3Aaction%3Dlightbox%26settings%3DeyJpZCI6MTkyODYsInVybCI6Imh0dHBzOlwvXC9zYWdhZmpvcmQuZGtcL3dwLWNvbnRlbnRcL3VwbG9hZHNcLzIwMjNcLzAzXC9zYWdhZmpvcmRfZnJva29zdHR1ci5qcGcifQ%3D%3D\">\n\t\t\t\t\t\t\t<img fetchpriority=\"high\" decoding=\"async\" width=\"980\" height=\"980\" src=\"https:\/\/sagafjord.dk\/wp-content\/uploads\/2023\/03\/sagafjord_frokosttur.jpg\" class=\"elementor-animation-grow attachment-full size-full wp-image-19286\" alt=\"frokost sejlrute - sev\u00e6rdigheder langs ruten\" srcset=\"https:\/\/sagafjord.dk\/wp-content\/uploads\/2023\/03\/sagafjord_frokosttur.jpg 980w, https:\/\/sagafjord.dk\/wp-content\/uploads\/2023\/03\/sagafjord_frokosttur-300x300.jpg 300w, https:\/\/sagafjord.dk\/wp-content\/uploads\/2023\/03\/sagafjord_frokosttur-150x150.jpg 150w, https:\/\/sagafjord.dk\/wp-content\/uploads\/2023\/03\/sagafjord_frokosttur-768x768.jpg 768w, https:\/\/sagafjord.dk\/wp-content\/uploads\/2023\/03\/sagafjord_frokosttur-800x800.jpg 800w, https:\/\/sagafjord.dk\/wp-content\/uploads\/2023\/03\/sagafjord_frokosttur-100x100.jpg 100w\" sizes=\"(max-width: 980px) 100vw, 980px\" \/>\t\t\t\t\t\t\t\t<\/a>\n\t\t\t\t\t\t\t\t\t\t\t\t\t\t\t<\/div>\n\t\t\t\t<\/div>\n\t\t\t\t<div class=\"elementor-element elementor-element-10f38a08 elementor-widget elementor-widget-heading\" data-id=\"10f38a08\" data-element_type=\"widget\" data-e-type=\"widget\" data-widget_type=\"heading.default\">\n\t\t\t\t<div class=\"elementor-widget-container\">\n\t\t\t\t\t<h1 class=\"elementor-heading-title elementor-size-default\">Lunch sailing<\/h1>\t\t\t\t<\/div>\n\t\t\t\t<\/div>\n\t\t\t\t<div class=\"elementor-element elementor-element-4ece996 elementor-widget-divider--view-line elementor-widget elementor-widget-divider\" data-id=\"4ece996\" data-element_type=\"widget\" data-e-type=\"widget\" data-widget_type=\"divider.default\">\n\t\t\t\t<div class=\"elementor-widget-container\">\n\t\t\t\t\t\t\t<div class=\"elementor-divider\">\n\t\t\t<span class=\"elementor-divider-separator\">\n\t\t\t\t\t\t<\/span>\n\t\t<\/div>\n\t\t\t\t\t\t<\/div>\n\t\t\t\t<\/div>\n\t\t\t\t<div class=\"elementor-element elementor-element-7bd41a8 elementor-widget elementor-widget-text-editor\" data-id=\"7bd41a8\" data-element_type=\"widget\" data-e-type=\"widget\" data-widget_type=\"text-editor.default\">\n\t\t\t\t<div class=\"elementor-widget-container\">\n\t\t\t\t\t\t\t\t\t<p>The lunch cruise runs on Friday and Saturday and lasts about 2 hours. The route starts in Roskilde harbor and sails past the Kingdom of Elleore and down around Ring\u00f8en in Kattinge, before sailing back towards the harbor. <\/p><p>During the boat trip, you can hear more about the surrounding attractions, which Stig Rossen has described so well.<\/p>\t\t\t\t\t\t\t\t<\/div>\n\t\t\t\t<\/div>\n\t\t\t\t<div class=\"elementor-element elementor-element-bb5b3c4 elementor-widget-divider--view-line elementor-widget elementor-widget-divider\" data-id=\"bb5b3c4\" data-element_type=\"widget\" data-e-type=\"widget\" data-widget_type=\"divider.default\">\n\t\t\t\t<div class=\"elementor-widget-container\">\n\t\t\t\t\t\t\t<div class=\"elementor-divider\">\n\t\t\t<span class=\"elementor-divider-separator\">\n\t\t\t\t\t\t<\/span>\n\t\t<\/div>\n\t\t\t\t\t\t<\/div>\n\t\t\t\t<\/div>\n\t\t\t\t\t<\/div>\n\t\t<\/div>\n\t\t\t\t<div class=\"elementor-column elementor-col-50 elementor-inner-column elementor-element elementor-element-795a978e animated-slow\" data-id=\"795a978e\" data-element_type=\"column\" data-e-type=\"column\" data-settings=\"{&quot;animation&quot;:&quot;none&quot;,&quot;animation_delay&quot;:800}\">\n\t\t\t<div class=\"elementor-widget-wrap elementor-element-populated\">\n\t\t\t\t\t\t<div class=\"elementor-element elementor-element-79845103 elementor-widget elementor-widget-image\" data-id=\"79845103\" data-element_type=\"widget\" data-e-type=\"widget\" data-widget_type=\"image.default\">\n\t\t\t\t<div class=\"elementor-widget-container\">\n\t\t\t\t\t\t\t\t\t\t\t\t\t\t\t\t<a href=\"https:\/\/sagafjord.dk\/wp-content\/uploads\/2023\/03\/sagafjord-aftentur.jpg\" data-elementor-open-lightbox=\"yes\" data-elementor-lightbox-title=\"sagafjord-aftentur.jpg\" data-elementor-lightbox-description=\"kort over ruten for aftenturen, med et overblik over de sev\u00e6rdighed der sejles forbi\" data-e-action-hash=\"#elementor-action%3Aaction%3Dlightbox%26settings%3DeyJpZCI6MTkyODcsInVybCI6Imh0dHBzOlwvXC9zYWdhZmpvcmQuZGtcL3dwLWNvbnRlbnRcL3VwbG9hZHNcLzIwMjNcLzAzXC9zYWdhZmpvcmQtYWZ0ZW50dXIuanBnIn0%3D\">\n\t\t\t\t\t\t\t<img decoding=\"async\" width=\"980\" height=\"980\" src=\"https:\/\/sagafjord.dk\/wp-content\/uploads\/2023\/03\/sagafjord-aftentur.jpg\" class=\"elementor-animation-grow attachment-full size-full wp-image-19287\" alt=\"Kort over aftensejladsen, med sev\u00e6rdigheder placering\" srcset=\"https:\/\/sagafjord.dk\/wp-content\/uploads\/2023\/03\/sagafjord-aftentur.jpg 980w, https:\/\/sagafjord.dk\/wp-content\/uploads\/2023\/03\/sagafjord-aftentur-300x300.jpg 300w, https:\/\/sagafjord.dk\/wp-content\/uploads\/2023\/03\/sagafjord-aftentur-150x150.jpg 150w, https:\/\/sagafjord.dk\/wp-content\/uploads\/2023\/03\/sagafjord-aftentur-768x768.jpg 768w, https:\/\/sagafjord.dk\/wp-content\/uploads\/2023\/03\/sagafjord-aftentur-800x800.jpg 800w, https:\/\/sagafjord.dk\/wp-content\/uploads\/2023\/03\/sagafjord-aftentur-100x100.jpg 100w\" sizes=\"(max-width: 980px) 100vw, 980px\" \/>\t\t\t\t\t\t\t\t<\/a>\n\t\t\t\t\t\t\t\t\t\t\t\t\t\t\t<\/div>\n\t\t\t\t<\/div>\n\t\t\t\t<div class=\"elementor-element elementor-element-7833160e elementor-widget elementor-widget-heading\" data-id=\"7833160e\" data-element_type=\"widget\" data-e-type=\"widget\" data-widget_type=\"heading.default\">\n\t\t\t\t<div class=\"elementor-widget-container\">\n\t\t\t\t\t<h1 class=\"elementor-heading-title elementor-size-default\">Evening sailing<\/h1>\t\t\t\t<\/div>\n\t\t\t\t<\/div>\n\t\t\t\t<div class=\"elementor-element elementor-element-cec4b4a elementor-widget-divider--view-line elementor-widget elementor-widget-divider\" data-id=\"cec4b4a\" data-element_type=\"widget\" data-e-type=\"widget\" data-widget_type=\"divider.default\">\n\t\t\t\t<div class=\"elementor-widget-container\">\n\t\t\t\t\t\t\t<div class=\"elementor-divider\">\n\t\t\t<span class=\"elementor-divider-separator\">\n\t\t\t\t\t\t<\/span>\n\t\t<\/div>\n\t\t\t\t\t\t<\/div>\n\t\t\t\t<\/div>\n\t\t\t\t<div class=\"elementor-element elementor-element-bd59252 elementor-widget elementor-widget-text-editor\" data-id=\"bd59252\" data-element_type=\"widget\" data-e-type=\"widget\" data-widget_type=\"text-editor.default\">\n\t\t\t\t<div class=\"elementor-widget-container\">\n\t\t\t\t\t\t\t\t\t<p>The evening cruise sails on Thursday, Friday, and Saturday and lasts about 3 hours. The route starts in Roskilde harbor and sails past the Kingdom of Elleore, the village of Gersh\u00f8j, Sels\u00f8 Castle, and down around Ring\u00f8en in Kattinge. <\/p><p>During the boat trip, you can hear more about the surrounding attractions, which Stig Rossen has described so well.<\/p>\t\t\t\t\t\t\t\t<\/div>\n\t\t\t\t<\/div>\n\t\t\t\t<div class=\"elementor-element elementor-element-b034041 elementor-widget-divider--view-line elementor-widget elementor-widget-divider\" data-id=\"b034041\" data-element_type=\"widget\" data-e-type=\"widget\" data-widget_type=\"divider.default\">\n\t\t\t\t<div class=\"elementor-widget-container\">\n\t\t\t\t\t\t\t<div class=\"elementor-divider\">\n\t\t\t<span class=\"elementor-divider-separator\">\n\t\t\t\t\t\t<\/span>\n\t\t<\/div>\n\t\t\t\t\t\t<\/div>\n\t\t\t\t<\/div>\n\t\t\t\t\t<\/div>\n\t\t<\/div>\n\t\t\t\t\t<\/div>\n\t\t<\/section>\n\t\t\t\t\t<\/div>\n\t\t<\/div>\n\t\t\t\t\t<\/div>\n\t\t<\/section>\n\t\t\t\t<section class=\"elementor-section elementor-top-section elementor-element elementor-element-974c502 elementor-section-boxed elementor-section-height-default elementor-section-height-default\" data-id=\"974c502\" data-element_type=\"section\" data-e-type=\"section\" data-settings=\"{&quot;background_background&quot;:&quot;classic&quot;}\">\n\t\t\t\t\t\t<div class=\"elementor-container elementor-column-gap-default\">\n\t\t\t\t\t<div class=\"elementor-column elementor-col-100 elementor-top-column elementor-element elementor-element-7149840\" data-id=\"7149840\" data-element_type=\"column\" data-e-type=\"column\">\n\t\t\t<div class=\"elementor-widget-wrap elementor-element-populated\">\n\t\t\t\t\t\t<div class=\"elementor-element elementor-element-91854ce elementor-align-center elementor-widget elementor-widget-button\" data-id=\"91854ce\" data-element_type=\"widget\" data-e-type=\"widget\" data-widget_type=\"button.default\">\n\t\t\t\t<div class=\"elementor-widget-container\">\n\t\t\t\t\t\t\t\t\t<div class=\"elementor-button-wrapper\">\n\t\t\t\t\t<a class=\"elementor-button elementor-button-link elementor-size-sm elementor-animation-float\" href=\"https:\/\/sagafjord.dk\/en\/book-board\/\">\n\t\t\t\t\t\t<span class=\"elementor-button-content-wrapper\">\n\t\t\t\t\t\t\t\t\t<span class=\"elementor-button-text\">Book your sailing here<\/span>\n\t\t\t\t\t<\/span>\n\t\t\t\t\t<\/a>\n\t\t\t\t<\/div>\n\t\t\t\t\t\t\t\t<\/div>\n\t\t\t\t<\/div>\n\t\t\t\t\t<\/div>\n\t\t<\/div>\n\t\t\t\t\t<\/div>\n\t\t<\/section>\n\t\t\t\t<section class=\"elementor-section elementor-top-section elementor-element elementor-element-6e757436 elementor-section-stretched elementor-section-boxed elementor-section-height-default elementor-section-height-default\" data-id=\"6e757436\" data-element_type=\"section\" data-e-type=\"section\" data-settings=\"{&quot;stretch_section&quot;:&quot;section-stretched&quot;,&quot;background_background&quot;:&quot;classic&quot;,&quot;background_motion_fx_motion_fx_scrolling&quot;:&quot;yes&quot;,&quot;background_motion_fx_devices&quot;:[&quot;desktop&quot;,&quot;tablet&quot;,&quot;mobile&quot;]}\">\n\t\t\t\t\t\t<div class=\"elementor-container elementor-column-gap-default\">\n\t\t\t\t\t<div class=\"elementor-column elementor-col-100 elementor-top-column elementor-element elementor-element-5dcecb3a\" data-id=\"5dcecb3a\" data-element_type=\"column\" data-e-type=\"column\">\n\t\t\t<div class=\"elementor-widget-wrap elementor-element-populated\">\n\t\t\t\t\t\t<section class=\"elementor-section elementor-inner-section elementor-element elementor-element-392baf69 elementor-section-boxed elementor-section-height-default elementor-section-height-default\" data-id=\"392baf69\" data-element_type=\"section\" data-e-type=\"section\">\n\t\t\t\t\t\t<div class=\"elementor-container elementor-column-gap-wide\">\n\t\t\t\t\t<div class=\"elementor-column elementor-col-33 elementor-inner-column elementor-element elementor-element-3f9b7c01\" data-id=\"3f9b7c01\" data-element_type=\"column\" data-e-type=\"column\">\n\t\t\t<div class=\"elementor-widget-wrap elementor-element-populated\">\n\t\t\t\t\t\t<div class=\"elementor-element elementor-element-e9edb0f elementor-icon-list--layout-traditional elementor-list-item-link-full_width elementor-widget elementor-widget-icon-list\" data-id=\"e9edb0f\" data-element_type=\"widget\" data-e-type=\"widget\" data-widget_type=\"icon-list.default\">\n\t\t\t\t<div class=\"elementor-widget-container\">\n\t\t\t\t\t\t\t<ul class=\"elementor-icon-list-items\">\n\t\t\t\t\t\t\t<li class=\"elementor-icon-list-item\">\n\t\t\t\t\t\t\t\t\t\t\t<a href=\"#elementor-action%3Aaction%3Dpopup%3Aopen%26settings%3DeyJpZCI6MTk1NTIsInRvZ2dsZSI6ZmFsc2V9\">\n\n\t\t\t\t\t\t\t\t\t\t\t<span class=\"elementor-icon-list-text\">01. Roskilde Cathedral<\/span>\n\t\t\t\t\t\t\t\t\t\t\t<\/a>\n\t\t\t\t\t\t\t\t\t<\/li>\n\t\t\t\t\t\t\t\t<li class=\"elementor-icon-list-item\">\n\t\t\t\t\t\t\t\t\t\t\t<a href=\"#elementor-action%3Aaction%3Dpopup%3Aopen%26settings%3DeyJpZCI6MTk2MDAsInRvZ2dsZSI6ZmFsc2V9\">\n\n\t\t\t\t\t\t\t\t\t\t\t<span class=\"elementor-icon-list-text\">02. Viking Ship Museum<\/span>\n\t\t\t\t\t\t\t\t\t\t\t<\/a>\n\t\t\t\t\t\t\t\t\t<\/li>\n\t\t\t\t\t\t\t\t<li class=\"elementor-icon-list-item\">\n\t\t\t\t\t\t\t\t\t\t\t<a href=\"#elementor-action%3Aaction%3Dpopup%3Aopen%26settings%3DeyJpZCI6MTk2MDYsInRvZ2dsZSI6ZmFsc2V9\">\n\n\t\t\t\t\t\t\t\t\t\t\t<span class=\"elementor-icon-list-text\">03. The allotment farm<\/span>\n\t\t\t\t\t\t\t\t\t\t\t<\/a>\n\t\t\t\t\t\t\t\t\t<\/li>\n\t\t\t\t\t\t\t\t<li class=\"elementor-icon-list-item\">\n\t\t\t\t\t\t\t\t\t\t\t<a href=\"#elementor-action%3Aaction%3Dpopup%3Aopen%26settings%3DeyJpZCI6MTk2MDksInRvZ2dsZSI6ZmFsc2V9\">\n\n\t\t\t\t\t\t\t\t\t\t\t<span class=\"elementor-icon-list-text\">05. Ring island in Kattinge cove<\/span>\n\t\t\t\t\t\t\t\t\t\t\t<\/a>\n\t\t\t\t\t\t\t\t\t<\/li>\n\t\t\t\t\t\t\t\t<li class=\"elementor-icon-list-item\">\n\t\t\t\t\t\t\t\t\t\t\t<a href=\"#elementor-action%3Aaction%3Dpopup%3Aopen%26settings%3DeyJpZCI6MTk1OTcsInRvZ2dsZSI6ZmFsc2V9\">\n\n\t\t\t\t\t\t\t\t\t\t\t<span class=\"elementor-icon-list-text\">06. Kattinge Works<\/span>\n\t\t\t\t\t\t\t\t\t\t\t<\/a>\n\t\t\t\t\t\t\t\t\t<\/li>\n\t\t\t\t\t\t\t\t<li class=\"elementor-icon-list-item\">\n\t\t\t\t\t\t\t\t\t\t\t<a href=\"#elementor-action%3Aaction%3Dpopup%3Aopen%26settings%3DeyJpZCI6MTk1NTUsInRvZ2dsZSI6ZmFsc2V9\" popup=\"\">\n\n\t\t\t\t\t\t\t\t\t\t\t<span class=\"elementor-icon-list-text\">07. RIS\u00d8 Research Center<\/span>\n\t\t\t\t\t\t\t\t\t\t\t<\/a>\n\t\t\t\t\t\t\t\t\t<\/li>\n\t\t\t\t\t\t<\/ul>\n\t\t\t\t\t\t<\/div>\n\t\t\t\t<\/div>\n\t\t\t\t\t<\/div>\n\t\t<\/div>\n\t\t\t\t<div class=\"elementor-column elementor-col-33 elementor-inner-column elementor-element elementor-element-2a211fa\" data-id=\"2a211fa\" data-element_type=\"column\" data-e-type=\"column\">\n\t\t\t<div class=\"elementor-widget-wrap elementor-element-populated\">\n\t\t\t\t\t\t<div class=\"elementor-element elementor-element-63ca2bab elementor-widget elementor-widget-image\" data-id=\"63ca2bab\" data-element_type=\"widget\" data-e-type=\"widget\" data-widget_type=\"image.default\">\n\t\t\t\t<div class=\"elementor-widget-container\">\n\t\t\t\t\t\t\t\t\t\t\t\t\t\t\t\t<a href=\"https:\/\/sagafjord.dk\/wp-content\/uploads\/2023\/03\/map.jpg\" data-elementor-open-lightbox=\"yes\" data-elementor-lightbox-title=\"map.jpg\" data-elementor-lightbox-description=\"sev\u00e6rdighederne langs sejlruten\" data-e-action-hash=\"#elementor-action%3Aaction%3Dlightbox%26settings%3DeyJpZCI6MTkyODQsInVybCI6Imh0dHBzOlwvXC9zYWdhZmpvcmQuZGtcL3dwLWNvbnRlbnRcL3VwbG9hZHNcLzIwMjNcLzAzXC9tYXAuanBnIn0%3D\">\n\t\t\t\t\t\t\t<img decoding=\"async\" width=\"969\" height=\"930\" src=\"https:\/\/sagafjord.dk\/wp-content\/uploads\/2023\/03\/map.jpg\" class=\"attachment-large size-large wp-image-19284\" alt=\"sev\u00e6rdighederne langs sejlruten\" srcset=\"https:\/\/sagafjord.dk\/wp-content\/uploads\/2023\/03\/map.jpg 969w, https:\/\/sagafjord.dk\/wp-content\/uploads\/2023\/03\/map-300x288.jpg 300w, https:\/\/sagafjord.dk\/wp-content\/uploads\/2023\/03\/map-768x737.jpg 768w, https:\/\/sagafjord.dk\/wp-content\/uploads\/2023\/03\/map-800x768.jpg 800w\" sizes=\"(max-width: 969px) 100vw, 969px\" \/>\t\t\t\t\t\t\t\t<\/a>\n\t\t\t\t\t\t\t\t\t\t\t\t\t\t\t<\/div>\n\t\t\t\t<\/div>\n\t\t\t\t\t<\/div>\n\t\t<\/div>\n\t\t\t\t<div class=\"elementor-column elementor-col-33 elementor-inner-column elementor-element elementor-element-3ad7edd5\" data-id=\"3ad7edd5\" data-element_type=\"column\" data-e-type=\"column\">\n\t\t\t<div class=\"elementor-widget-wrap elementor-element-populated\">\n\t\t\t\t\t\t<div class=\"elementor-element elementor-element-884872b elementor-icon-list--layout-traditional elementor-list-item-link-full_width elementor-widget elementor-widget-icon-list\" data-id=\"884872b\" data-element_type=\"widget\" data-e-type=\"widget\" data-widget_type=\"icon-list.default\">\n\t\t\t\t<div class=\"elementor-widget-container\">\n\t\t\t\t\t\t\t<ul class=\"elementor-icon-list-items\">\n\t\t\t\t\t\t\t<li class=\"elementor-icon-list-item\">\n\t\t\t\t\t\t\t\t\t\t\t<a href=\"#elementor-action%3Aaction%3Dpopup%3Aopen%26settings%3DeyJpZCI6MTk1OTQsInRvZ2dsZSI6ZmFsc2V9\">\n\n\t\t\t\t\t\t\t\t\t\t\t<span class=\"elementor-icon-list-text\">08. Eskils\u00f8 and the monks at the monastery<\/span>\n\t\t\t\t\t\t\t\t\t\t\t<\/a>\n\t\t\t\t\t\t\t\t\t<\/li>\n\t\t\t\t\t\t\t\t<li class=\"elementor-icon-list-item\">\n\t\t\t\t\t\t\t\t\t\t\t<a href=\"#elementor-action%3Aaction%3Dpopup%3Aopen%26settings%3DeyJpZCI6MTk1OTEsInRvZ2dsZSI6ZmFsc2V9\">\n\n\t\t\t\t\t\t\t\t\t\t\t<span class=\"elementor-icon-list-text\">09. The sea eagles at Bogn\u00e6s<\/span>\n\t\t\t\t\t\t\t\t\t\t\t<\/a>\n\t\t\t\t\t\t\t\t\t<\/li>\n\t\t\t\t\t\t\t\t<li class=\"elementor-icon-list-item\">\n\t\t\t\t\t\t\t\t\t\t\t<a href=\"#elementor-action%3Aaction%3Dpopup%3Aopen%26settings%3DeyJpZCI6MTk1NjQsInRvZ2dsZSI6ZmFsc2V9\">\n\n\t\t\t\t\t\t\t\t\t\t\t<span class=\"elementor-icon-list-text\">10. Gersh\u00f8j village<\/span>\n\t\t\t\t\t\t\t\t\t\t\t<\/a>\n\t\t\t\t\t\t\t\t\t<\/li>\n\t\t\t\t\t\t\t\t<li class=\"elementor-icon-list-item\">\n\t\t\t\t\t\t\t\t\t\t\t<a href=\"#elementor-action%3Aaction%3Dpopup%3Aopen%26settings%3DeyJpZCI6MTk1NjEsInRvZ2dsZSI6ZmFsc2V9\">\n\n\t\t\t\t\t\t\t\t\t\t\t<span class=\"elementor-icon-list-text\">11. Sels\u00f8 Castle<\/span>\n\t\t\t\t\t\t\t\t\t\t\t<\/a>\n\t\t\t\t\t\t\t\t\t<\/li>\n\t\t\t\t\t\t\t\t<li class=\"elementor-icon-list-item\">\n\t\t\t\t\t\t\t\t\t\t\t<a href=\"#elementor-action%3Aaction%3Dpopup%3Aopen%26settings%3DeyJpZCI6MTk1NTgsInRvZ2dsZSI6ZmFsc2V9\">\n\n\t\t\t\t\t\t\t\t\t\t\t<span class=\"elementor-icon-list-text\">12. Kingdom of Elleore<\/span>\n\t\t\t\t\t\t\t\t\t\t\t<\/a>\n\t\t\t\t\t\t\t\t\t<\/li>\n\t\t\t\t\t\t\t\t<li class=\"elementor-icon-list-item\">\n\t\t\t\t\t\t\t\t\t\t\t<a href=\"#elementor-action%3Aaction%3Dpopup%3Aopen%26settings%3DeyJpZCI6MTk1NDksInRvZ2dsZSI6ZmFsc2V9\">\n\n\t\t\t\t\t\t\t\t\t\t\t<span class=\"elementor-icon-list-text\">13. The Christmas Seal Home<\/span>\n\t\t\t\t\t\t\t\t\t\t\t<\/a>\n\t\t\t\t\t\t\t\t\t<\/li>\n\t\t\t\t\t\t<\/ul>\n\t\t\t\t\t\t<\/div>\n\t\t\t\t<\/div>\n\t\t\t\t\t<\/div>\n\t\t<\/div>\n\t\t\t\t\t<\/div>\n\t\t<\/section>\n\t\t\t\t<div class=\"elementor-element elementor-element-d8fc7dd elementor-widget elementor-widget-text-editor\" data-id=\"d8fc7dd\" data-element_type=\"widget\" data-e-type=\"widget\" data-widget_type=\"text-editor.default\">\n\t\t\t\t<div class=\"elementor-widget-container\">\n\t\t\t\t\t\t\t\t\t<p>If you are more curious about the attractions, you can simply click on the place.<\/p>\t\t\t\t\t\t\t\t<\/div>\n\t\t\t\t<\/div>\n\t\t\t\t<div class=\"elementor-element elementor-element-446bc3f elementor-widget elementor-widget-spacer\" data-id=\"446bc3f\" data-element_type=\"widget\" data-e-type=\"widget\" data-widget_type=\"spacer.default\">\n\t\t\t\t<div class=\"elementor-widget-container\">\n\t\t\t\t\t\t\t<div class=\"elementor-spacer\">\n\t\t\t<div class=\"elementor-spacer-inner\"><\/div>\n\t\t<\/div>\n\t\t\t\t\t\t<\/div>\n\t\t\t\t<\/div>\n\t\t\t\t<div class=\"elementor-element elementor-element-bb1f9c5 elementor-widget elementor-widget-text-editor\" data-id=\"bb1f9c5\" data-element_type=\"widget\" data-e-type=\"widget\" data-widget_type=\"text-editor.default\">\n\t\t\t\t<div class=\"elementor-widget-container\">\n\t\t\t\t\t\t\t\t\t<p>In Roskilde, there are several major attractions. At the harbor, you can find <a href=\"https:\/\/www.vikingeskibsmuseet.dk\/\" target=\"_blank\" rel=\"noopener\">the Viking Ship Museum<\/a>, while Roskilde Cathedral is located in the city center. Besides the larger attractions, there are many lesser-known but significant sights along Roskilde Fjord. On our boat trip, you will have the opportunity to get up close and learn about the locations along the way through the speaker.   <\/p>\t\t\t\t\t\t\t\t<\/div>\n\t\t\t\t<\/div>\n\t\t\t\t\t<\/div>\n\t\t<\/div>\n\t\t\t\t\t<\/div>\n\t\t<\/section>\n\t\t\t\t<\/div>\n\t\t","protected":false},"excerpt":{"rendered":"<p>The sailing route It&#8217;s not just about the food or the sailing trip \u2013 it&#8217;s about the unique overall experience that we at Sagafjord can offer our guests. Through the sailing route, we pass several sights hidden around Roskilde Fjord. While sailing by, you can hear Stig Rossen talking a bit about the places over&#8230;<\/p>\n","protected":false},"author":28,"featured_media":0,"parent":0,"menu_order":13,"comment_status":"closed","ping_status":"closed","template":"","meta":{"_kad_post_transparent":"","_kad_post_title":"","_kad_post_layout":"","_kad_post_sidebar_id":"","_kad_post_content_style":"","_kad_post_vertical_padding":"","_kad_post_feature":"","_kad_post_feature_position":"","_kad_post_header":false,"_kad_post_footer":false,"_kad_post_classname":"","footnotes":""},"class_list":["post-26683","page","type-page","status-publish","hentry"],"_links":{"self":[{"href":"https:\/\/sagafjord.dk\/en\/wp-json\/wp\/v2\/pages\/26683","targetHints":{"allow":["GET"]}}],"collection":[{"href":"https:\/\/sagafjord.dk\/en\/wp-json\/wp\/v2\/pages"}],"about":[{"href":"https:\/\/sagafjord.dk\/en\/wp-json\/wp\/v2\/types\/page"}],"author":[{"embeddable":true,"href":"https:\/\/sagafjord.dk\/en\/wp-json\/wp\/v2\/users\/28"}],"replies":[{"embeddable":true,"href":"https:\/\/sagafjord.dk\/en\/wp-json\/wp\/v2\/comments?post=26683"}],"version-history":[{"count":1,"href":"https:\/\/sagafjord.dk\/en\/wp-json\/wp\/v2\/pages\/26683\/revisions"}],"predecessor-version":[{"id":26684,"href":"https:\/\/sagafjord.dk\/en\/wp-json\/wp\/v2\/pages\/26683\/revisions\/26684"}],"wp:attachment":[{"href":"https:\/\/sagafjord.dk\/en\/wp-json\/wp\/v2\/media?parent=26683"}],"curies":[{"name":"wp","href":"https:\/\/api.w.org\/{rel}","templated":true}]}}