{"id":19365,"date":"2020-05-01T11:09:14","date_gmt":"2020-05-01T09:09:14","guid":{"rendered":"https:\/\/sagafjord.dk\/history-of-the-ship\/"},"modified":"2023-05-16T10:03:29","modified_gmt":"2023-05-16T09:03:29","slug":"history-of-the-ship","status":"publish","type":"page","link":"https:\/\/sagafjord.dk\/en\/history-of-the-ship\/","title":{"rendered":"History of the ship"},"content":{"rendered":"\t\t<div data-elementor-type=\"wp-page\" data-elementor-id=\"19365\" class=\"elementor elementor-19365\" data-elementor-post-type=\"page\">\n\t\t\t\t\t\t<section class=\"elementor-section elementor-top-section elementor-element elementor-element-7aeaacdf elementor-section-boxed elementor-section-height-default elementor-section-height-default\" data-id=\"7aeaacdf\" data-element_type=\"section\" data-e-type=\"section\" data-settings=\"{&quot;background_background&quot;:&quot;classic&quot;}\">\n\t\t\t\t\t\t<div class=\"elementor-container elementor-column-gap-default\">\n\t\t\t\t\t<div class=\"elementor-column elementor-col-100 elementor-top-column elementor-element elementor-element-125fe603\" data-id=\"125fe603\" data-element_type=\"column\" data-e-type=\"column\">\n\t\t\t<div class=\"elementor-widget-wrap elementor-element-populated\">\n\t\t\t\t\t\t<div class=\"elementor-element elementor-element-677446c elementor-widget elementor-widget-heading\" data-id=\"677446c\" data-element_type=\"widget\" data-e-type=\"widget\" data-widget_type=\"heading.default\">\n\t\t\t\t<div class=\"elementor-widget-container\">\n\t\t\t\t\t<h1 class=\"elementor-heading-title elementor-size-default\">History of the ship<\/h1>\t\t\t\t<\/div>\n\t\t\t\t<\/div>\n\t\t\t\t<div class=\"elementor-element elementor-element-6cc5f36b elementor-widget elementor-widget-heading\" data-id=\"6cc5f36b\" data-element_type=\"widget\" data-e-type=\"widget\" data-widget_type=\"heading.default\">\n\t\t\t\t<div class=\"elementor-widget-container\">\n\t\t\t\t\t<h4 class=\"elementor-heading-title elementor-size-default\">Sagafjord is a ship from the 1950s, originally built as a passenger ferry in Norway, but has now been sailing on Roskilde Fjord for many years, hosting parties and meals as a sailing restaurant.<\/h4>\t\t\t\t<\/div>\n\t\t\t\t<\/div>\n\t\t\t\t\t<\/div>\n\t\t<\/div>\n\t\t\t\t\t<\/div>\n\t\t<\/section>\n\t\t\t\t<section class=\"elementor-section elementor-top-section elementor-element elementor-element-3d8e3c1e elementor-section-boxed elementor-section-height-default elementor-section-height-default\" data-id=\"3d8e3c1e\" data-element_type=\"section\" data-e-type=\"section\" data-settings=\"{&quot;background_background&quot;:&quot;classic&quot;}\">\n\t\t\t\t\t\t<div class=\"elementor-container elementor-column-gap-no\">\n\t\t\t\t\t<div class=\"elementor-column elementor-col-50 elementor-top-column elementor-element elementor-element-29e258fd\" data-id=\"29e258fd\" data-element_type=\"column\" data-e-type=\"column\">\n\t\t\t<div class=\"elementor-widget-wrap elementor-element-populated\">\n\t\t\t\t\t\t<div class=\"elementor-element elementor-element-380a475f elementor-widget elementor-widget-heading\" data-id=\"380a475f\" data-element_type=\"widget\" data-e-type=\"widget\" data-widget_type=\"heading.default\">\n\t\t\t\t<div class=\"elementor-widget-container\">\n\t\t\t\t\t<h3 class=\"elementor-heading-title elementor-size-default\">Sagafjord is originally a Norwegian ship<\/h3>\t\t\t\t<\/div>\n\t\t\t\t<\/div>\n\t\t\t\t<div class=\"elementor-element elementor-element-7647cb1a elementor-widget elementor-widget-text-editor\" data-id=\"7647cb1a\" data-element_type=\"widget\" data-e-type=\"widget\" data-widget_type=\"text-editor.default\">\n\t\t\t\t<div class=\"elementor-widget-container\">\n\t\t\t\t\t\t\t\t\t<p>and was delivered as a car and passenger ferry to the Hardanger Sunnhordlandske Dampskipsselskab in spring 1957.<\/p>\n<p>The ship was christened Halsn\u00f8y and sailed on the Kvinnhera route until 1981. Simon M\u00f8kster, a shipping company, bought Halsn\u00f8y in 1981, hurriedly renamed the ship Strilborg, but sold it again two and a half years later to Odfjell Drilling &amp; Consulting in Bergen.<\/p>\n<p>The Strilborg was converted into a mother ship for mini-submarines and renamed Deep Sea Inspector. In 1987, the ship changed industry again and was renamed Party when Jostein Hevr\u00f8y bought it.<\/p>\n<p>In 1988, Party came to Denmark, bought by Erik Hansen. The ship was converted into a restaurant ship at Mors\u00f8 Shipyard and was finally named Sagafjord. On June 23, 1989, the Sagafjord embarked on its maiden voyage as a restaurant ship.<\/p>\n<p>After many years of operation, the company&#8217;s finances eventually came under pressure, including an attempt to put it up for public sale in 2010, before running out of cash and equity in early 2012.<\/p>\n\t\t\t\t\t\t\t\t<\/div>\n\t\t\t\t<\/div>\n\t\t\t\t\t<\/div>\n\t\t<\/div>\n\t\t\t\t<div class=\"elementor-column elementor-col-50 elementor-top-column elementor-element elementor-element-2051e2ee\" data-id=\"2051e2ee\" data-element_type=\"column\" data-e-type=\"column\">\n\t\t\t<div class=\"elementor-widget-wrap elementor-element-populated\">\n\t\t\t\t\t\t<div class=\"elementor-element elementor-element-44b8f975 elementor-widget elementor-widget-gallery\" data-id=\"44b8f975\" data-element_type=\"widget\" data-e-type=\"widget\" data-settings=\"{&quot;gallery_layout&quot;:&quot;justified&quot;,&quot;lazyload&quot;:&quot;yes&quot;,&quot;ideal_row_height&quot;:{&quot;unit&quot;:&quot;px&quot;,&quot;size&quot;:200,&quot;sizes&quot;:[]},&quot;ideal_row_height_tablet&quot;:{&quot;unit&quot;:&quot;px&quot;,&quot;size&quot;:150,&quot;sizes&quot;:[]},&quot;ideal_row_height_mobile&quot;:{&quot;unit&quot;:&quot;px&quot;,&quot;size&quot;:150,&quot;sizes&quot;:[]},&quot;gap&quot;:{&quot;unit&quot;:&quot;px&quot;,&quot;size&quot;:10,&quot;sizes&quot;:[]},&quot;gap_tablet&quot;:{&quot;unit&quot;:&quot;px&quot;,&quot;size&quot;:10,&quot;sizes&quot;:[]},&quot;gap_mobile&quot;:{&quot;unit&quot;:&quot;px&quot;,&quot;size&quot;:10,&quot;sizes&quot;:[]},&quot;link_to&quot;:&quot;file&quot;,&quot;overlay_background&quot;:&quot;yes&quot;,&quot;content_hover_animation&quot;:&quot;fade-in&quot;}\" data-widget_type=\"gallery.default\">\n\t\t\t\t<div class=\"elementor-widget-container\">\n\t\t\t\t\t\t\t<div class=\"elementor-gallery__container\">\n\t\t\t\t\t\t\t<a class=\"e-gallery-item elementor-gallery-item elementor-animated-content\" href=\"https:\/\/sagafjord.dk\/wp-content\/uploads\/2023\/03\/Harald-Saetre03.jpg\" data-elementor-open-lightbox=\"yes\" data-elementor-lightbox-slideshow=\"44b8f975\" data-elementor-lightbox-title=\"-Harald-Saetre03.jpg\" data-elementor-lightbox-description=\"Historie - \u00c6ldre version sagafjord Tidslinje\" data-e-action-hash=\"#elementor-action%3Aaction%3Dlightbox%26settings%3DeyJpZCI6MTkyOTEsInVybCI6Imh0dHBzOlwvXC9zYWdhZmpvcmQuZGtcL3dwLWNvbnRlbnRcL3VwbG9hZHNcLzIwMjNcLzAzXC9IYXJhbGQtU2FldHJlMDMuanBnIiwic2xpZGVzaG93IjoiNDRiOGY5NzUifQ%3D%3D\">\n\t\t\t\t\t<div class=\"e-gallery-image elementor-gallery-item__image\" data-thumbnail=\"https:\/\/sagafjord.dk\/wp-content\/uploads\/2023\/03\/Harald-Saetre03.jpg\" data-width=\"980\" data-height=\"653\" aria-label=\"Historie - \u00c6ldre version sagafjord Tidslinje\" role=\"img\" ><\/div>\n\t\t\t\t\t\t\t\t\t\t\t<div class=\"elementor-gallery-item__overlay\"><\/div>\n\t\t\t\t\t\t\t\t\t\t\t\t\t\t<\/a>\n\t\t\t\t\t\t\t<a class=\"e-gallery-item elementor-gallery-item elementor-animated-content\" href=\"https:\/\/sagafjord.dk\/wp-content\/uploads\/2023\/03\/Harald-Saetre04.jpg\" data-elementor-open-lightbox=\"yes\" data-elementor-lightbox-slideshow=\"44b8f975\" data-elementor-lightbox-title=\"-Harald-Saetre04.jpg\" data-elementor-lightbox-description=\"Historie - \u00c6ldre version sagafjord Tidslinje\" data-e-action-hash=\"#elementor-action%3Aaction%3Dlightbox%26settings%3DeyJpZCI6MTkyOTIsInVybCI6Imh0dHBzOlwvXC9zYWdhZmpvcmQuZGtcL3dwLWNvbnRlbnRcL3VwbG9hZHNcLzIwMjNcLzAzXC9IYXJhbGQtU2FldHJlMDQuanBnIiwic2xpZGVzaG93IjoiNDRiOGY5NzUifQ%3D%3D\">\n\t\t\t\t\t<div class=\"e-gallery-image elementor-gallery-item__image\" data-thumbnail=\"https:\/\/sagafjord.dk\/wp-content\/uploads\/2023\/03\/Harald-Saetre04.jpg\" data-width=\"980\" data-height=\"641\" aria-label=\"Historie - \u00c6ldre version sagafjord Tidslinje\" role=\"img\" ><\/div>\n\t\t\t\t\t\t\t\t\t\t\t<div class=\"elementor-gallery-item__overlay\"><\/div>\n\t\t\t\t\t\t\t\t\t\t\t\t\t\t<\/a>\n\t\t\t\t\t\t\t<a class=\"e-gallery-item elementor-gallery-item elementor-animated-content\" href=\"https:\/\/sagafjord.dk\/wp-content\/uploads\/2023\/03\/Harald-Saetre05.jpg\" data-elementor-open-lightbox=\"yes\" data-elementor-lightbox-slideshow=\"44b8f975\" data-elementor-lightbox-title=\"-Harald-Saetre05.jpg\" data-elementor-lightbox-description=\"Historie - \u00c6ldre version sagafjord Tidslinje\" data-e-action-hash=\"#elementor-action%3Aaction%3Dlightbox%26settings%3DeyJpZCI6MTkyOTMsInVybCI6Imh0dHBzOlwvXC9zYWdhZmpvcmQuZGtcL3dwLWNvbnRlbnRcL3VwbG9hZHNcLzIwMjNcLzAzXC9IYXJhbGQtU2FldHJlMDUuanBnIiwic2xpZGVzaG93IjoiNDRiOGY5NzUifQ%3D%3D\">\n\t\t\t\t\t<div class=\"e-gallery-image elementor-gallery-item__image\" data-thumbnail=\"https:\/\/sagafjord.dk\/wp-content\/uploads\/2023\/03\/Harald-Saetre05.jpg\" data-width=\"800\" data-height=\"1200\" aria-label=\"Historie - \u00c6ldre version sagafjord Tidslinje\" role=\"img\" ><\/div>\n\t\t\t\t\t\t\t\t\t\t\t<div class=\"elementor-gallery-item__overlay\"><\/div>\n\t\t\t\t\t\t\t\t\t\t\t\t\t\t<\/a>\n\t\t\t\t\t\t\t<a class=\"e-gallery-item elementor-gallery-item elementor-animated-content\" href=\"https:\/\/sagafjord.dk\/wp-content\/uploads\/2023\/03\/Norsk-Oljemuseum02.jpg\" data-elementor-open-lightbox=\"yes\" data-elementor-lightbox-slideshow=\"44b8f975\" data-elementor-lightbox-title=\"-Norsk-Oljemuseum02.jpg\" data-elementor-lightbox-description=\"Historie - \u00c6ldre version sagafjord Tidslinje\" data-e-action-hash=\"#elementor-action%3Aaction%3Dlightbox%26settings%3DeyJpZCI6MTkyOTQsInVybCI6Imh0dHBzOlwvXC9zYWdhZmpvcmQuZGtcL3dwLWNvbnRlbnRcL3VwbG9hZHNcLzIwMjNcLzAzXC9Ob3Jzay1PbGplbXVzZXVtMDIuanBnIiwic2xpZGVzaG93IjoiNDRiOGY5NzUifQ%3D%3D\">\n\t\t\t\t\t<div class=\"e-gallery-image elementor-gallery-item__image\" data-thumbnail=\"https:\/\/sagafjord.dk\/wp-content\/uploads\/2023\/03\/Norsk-Oljemuseum02.jpg\" data-width=\"980\" data-height=\"639\" aria-label=\"Historie - \u00c6ldre version sagafjord Tidslinje\" role=\"img\" ><\/div>\n\t\t\t\t\t\t\t\t\t\t\t<div class=\"elementor-gallery-item__overlay\"><\/div>\n\t\t\t\t\t\t\t\t\t\t\t\t\t\t<\/a>\n\t\t\t\t\t\t\t<a class=\"e-gallery-item elementor-gallery-item elementor-animated-content\" href=\"https:\/\/sagafjord.dk\/wp-content\/uploads\/2023\/03\/Vidar-Fondevik-Norsk-Oljemuseum01.jpg\" data-elementor-open-lightbox=\"yes\" data-elementor-lightbox-slideshow=\"44b8f975\" data-elementor-lightbox-title=\"-Vidar-Fondevik-Norsk-Oljemuseum01.jpg\" data-elementor-lightbox-description=\"Historie - \u00c6ldre version sagafjord Tidslinje\" data-e-action-hash=\"#elementor-action%3Aaction%3Dlightbox%26settings%3DeyJpZCI6MTkyOTUsInVybCI6Imh0dHBzOlwvXC9zYWdhZmpvcmQuZGtcL3dwLWNvbnRlbnRcL3VwbG9hZHNcLzIwMjNcLzAzXC9WaWRhci1Gb25kZXZpay1Ob3Jzay1PbGplbXVzZXVtMDEuanBnIiwic2xpZGVzaG93IjoiNDRiOGY5NzUifQ%3D%3D\">\n\t\t\t\t\t<div class=\"e-gallery-image elementor-gallery-item__image\" data-thumbnail=\"https:\/\/sagafjord.dk\/wp-content\/uploads\/2023\/03\/Vidar-Fondevik-Norsk-Oljemuseum01.jpg\" data-width=\"980\" data-height=\"654\" aria-label=\"Historie - \u00c6ldre version sagafjord Tidslinje\" role=\"img\" ><\/div>\n\t\t\t\t\t\t\t\t\t\t\t<div class=\"elementor-gallery-item__overlay\"><\/div>\n\t\t\t\t\t\t\t\t\t\t\t\t\t\t<\/a>\n\t\t\t\t\t<\/div>\n\t\t\t\t\t<\/div>\n\t\t\t\t<\/div>\n\t\t\t\t\t<\/div>\n\t\t<\/div>\n\t\t\t\t\t<\/div>\n\t\t<\/section>\n\t\t\t\t<section class=\"elementor-section elementor-top-section elementor-element elementor-element-548d0d53 elementor-reverse-mobile elementor-section-boxed elementor-section-height-default elementor-section-height-default\" data-id=\"548d0d53\" data-element_type=\"section\" data-e-type=\"section\" data-settings=\"{&quot;background_background&quot;:&quot;classic&quot;}\">\n\t\t\t\t\t\t<div class=\"elementor-container elementor-column-gap-no\">\n\t\t\t\t\t<div class=\"elementor-column elementor-col-100 elementor-top-column elementor-element elementor-element-5247e10e\" data-id=\"5247e10e\" data-element_type=\"column\" data-e-type=\"column\">\n\t\t\t<div class=\"elementor-widget-wrap elementor-element-populated\">\n\t\t\t\t\t\t<div class=\"elementor-element elementor-element-2ce81058 elementor-widget elementor-widget-heading\" data-id=\"2ce81058\" data-element_type=\"widget\" data-e-type=\"widget\" data-widget_type=\"heading.default\">\n\t\t\t\t<div class=\"elementor-widget-container\">\n\t\t\t\t\t<h3 class=\"elementor-heading-title elementor-size-default\">However, Winnie Liljeborg had come to love the ship<\/h3>\t\t\t\t<\/div>\n\t\t\t\t<\/div>\n\t\t\t\t<section class=\"elementor-section elementor-inner-section elementor-element elementor-element-2dd210dd elementor-section-boxed elementor-section-height-default elementor-section-height-default\" data-id=\"2dd210dd\" data-element_type=\"section\" data-e-type=\"section\">\n\t\t\t\t\t\t<div class=\"elementor-container elementor-column-gap-default\">\n\t\t\t\t\t<div class=\"elementor-column elementor-col-50 elementor-inner-column elementor-element elementor-element-526dc801\" data-id=\"526dc801\" data-element_type=\"column\" data-e-type=\"column\">\n\t\t\t<div class=\"elementor-widget-wrap elementor-element-populated\">\n\t\t\t\t\t\t<div class=\"elementor-element elementor-element-19fc8412 elementor-widget elementor-widget-text-editor\" data-id=\"19fc8412\" data-element_type=\"widget\" data-e-type=\"widget\" data-widget_type=\"text-editor.default\">\n\t\t\t\t<div class=\"elementor-widget-container\">\n\t\t\t\t\t\t\t\t\t<p>and Liljeborg ApS therefore took over the company in 2012 and injected money to keep Sagafjord sailing. In 2016, a very extensive renovation was launched.<\/p>\n<p>By then, over 27 years, more than 700,000 passengers had been on board the Sagafjord, and it showed. The result was new dining rooms, kitchen, sundeck and completely renovated engines that will keep the boiler burning for years to come.<\/p>\n<p>The renovation of the engines was carried out in Roskilde in November &#8211; December 2015 and the rest in January &#8211; April 2016 at Assens V\u00e6rft.<\/p>\n\t\t\t\t\t\t\t\t<\/div>\n\t\t\t\t<\/div>\n\t\t\t\t\t<\/div>\n\t\t<\/div>\n\t\t\t\t<div class=\"elementor-column elementor-col-50 elementor-inner-column elementor-element elementor-element-2edb649\" data-id=\"2edb649\" data-element_type=\"column\" data-e-type=\"column\" data-settings=\"{&quot;background_background&quot;:&quot;classic&quot;}\">\n\t\t\t<div class=\"elementor-widget-wrap elementor-element-populated\">\n\t\t\t\t\t\t<div class=\"elementor-element elementor-element-25bc87d9 elementor-widget elementor-widget-text-editor\" data-id=\"25bc87d9\" data-element_type=\"widget\" data-e-type=\"widget\" data-widget_type=\"text-editor.default\">\n\t\t\t\t<div class=\"elementor-widget-container\">\n\t\t\t\t\t\t\t\t\t<p>In spring 2016, Sagafjord sailed for the first time since the renovation and from the beginning of 2018, Sagafjord has run the restaurant and ship itself with its own crew and staff in the restaurant and kitchen.<\/p>\n<p>The company has also implemented a new strategy focusing on sustainability, ecology, local produce &#8211; and of course, tasty food!<\/p>\n\t\t\t\t\t\t\t\t<\/div>\n\t\t\t\t<\/div>\n\t\t\t\t<div class=\"elementor-element elementor-element-7a4478c elementor-align-left elementor-mobile-align-left elementor-tablet-align-left elementor-widget elementor-widget-button\" data-id=\"7a4478c\" data-element_type=\"widget\" data-e-type=\"widget\" data-widget_type=\"button.default\">\n\t\t\t\t<div class=\"elementor-widget-container\">\n\t\t\t\t\t\t\t\t\t<div class=\"elementor-button-wrapper\">\n\t\t\t\t\t<a class=\"elementor-button elementor-button-link elementor-size-lg elementor-animation-float\" href=\"https:\/\/sagafjord.dk\/en\/contact\/\">\n\t\t\t\t\t\t<span class=\"elementor-button-content-wrapper\">\n\t\t\t\t\t\t<span class=\"elementor-button-icon\">\n\t\t\t\t<i aria-hidden=\"true\" class=\"fas fa-chevron-right\"><\/i>\t\t\t<\/span>\n\t\t\t\t\t\t\t\t\t<span class=\"elementor-button-text\">Contact us<\/span>\n\t\t\t\t\t<\/span>\n\t\t\t\t\t<\/a>\n\t\t\t\t<\/div>\n\t\t\t\t\t\t\t\t<\/div>\n\t\t\t\t<\/div>\n\t\t\t\t\t<\/div>\n\t\t<\/div>\n\t\t\t\t\t<\/div>\n\t\t<\/section>\n\t\t\t\t\t<\/div>\n\t\t<\/div>\n\t\t\t\t\t<\/div>\n\t\t<\/section>\n\t\t\t\t<section class=\"elementor-section elementor-top-section elementor-element elementor-element-5aacaa9c elementor-section-full_width elementor-section-height-default elementor-section-height-default\" data-id=\"5aacaa9c\" data-element_type=\"section\" data-e-type=\"section\">\n\t\t\t\t\t\t<div class=\"elementor-container elementor-column-gap-no\">\n\t\t\t\t\t<div class=\"elementor-column elementor-col-100 elementor-top-column elementor-element elementor-element-3ee45f22\" data-id=\"3ee45f22\" data-element_type=\"column\" data-e-type=\"column\">\n\t\t\t<div class=\"elementor-widget-wrap elementor-element-populated\">\n\t\t\t\t\t\t<div class=\"elementor-element elementor-element-9cdce93 elementor-arrows-position-inside elementor-widget elementor-widget-image-carousel\" data-id=\"9cdce93\" data-element_type=\"widget\" data-e-type=\"widget\" data-settings=\"{&quot;slides_to_show&quot;:&quot;4&quot;,&quot;navigation&quot;:&quot;arrows&quot;,&quot;pause_on_interaction&quot;:&quot;no&quot;,&quot;autoplay_speed&quot;:2500,&quot;speed&quot;:2500,&quot;autoplay&quot;:&quot;yes&quot;,&quot;pause_on_hover&quot;:&quot;yes&quot;,&quot;infinite&quot;:&quot;yes&quot;}\" data-widget_type=\"image-carousel.default\">\n\t\t\t\t<div class=\"elementor-widget-container\">\n\t\t\t\t\t\t\t<div class=\"elementor-image-carousel-wrapper swiper\" role=\"region\" aria-roledescription=\"carousel\" aria-label=\"Image Carousel\" dir=\"ltr\">\n\t\t\t<div class=\"elementor-image-carousel swiper-wrapper\" aria-live=\"off\">\n\t\t\t\t\t\t\t\t<div class=\"swiper-slide\" role=\"group\" aria-roledescription=\"slide\" aria-label=\"1 of 5\"><figure class=\"swiper-slide-inner\"><img decoding=\"async\" class=\"swiper-slide-image\" src=\"https:\/\/sagafjord.dk\/wp-content\/uploads\/2023\/03\/05Sagafjord_16x9-1.jpg\" alt=\"05Sagafjord_16x9.jpg\" \/><\/figure><\/div><div class=\"swiper-slide\" role=\"group\" aria-roledescription=\"slide\" aria-label=\"2 of 5\"><figure class=\"swiper-slide-inner\"><img decoding=\"async\" class=\"swiper-slide-image\" src=\"https:\/\/sagafjord.dk\/wp-content\/uploads\/2023\/03\/14Sagafjord_16x9.jpg\" alt=\"Oplevelses gave i form af gavekort\" \/><\/figure><\/div><div class=\"swiper-slide\" role=\"group\" aria-roledescription=\"slide\" aria-label=\"3 of 5\"><figure class=\"swiper-slide-inner\"><img decoding=\"async\" class=\"swiper-slide-image\" src=\"https:\/\/sagafjord.dk\/wp-content\/uploads\/2023\/03\/06Sagafjord_16x9-1.jpg\" alt=\"06Sagafjord_16x9.jpg\" \/><\/figure><\/div><div class=\"swiper-slide\" role=\"group\" aria-roledescription=\"slide\" aria-label=\"4 of 5\"><figure class=\"swiper-slide-inner\"><img decoding=\"async\" class=\"swiper-slide-image\" src=\"https:\/\/sagafjord.dk\/wp-content\/uploads\/2023\/03\/04Sagafjord_16x9-1.jpg\" alt=\"Oplevelses gave i form af gavekort\" \/><\/figure><\/div><div class=\"swiper-slide\" role=\"group\" aria-roledescription=\"slide\" aria-label=\"5 of 5\"><figure class=\"swiper-slide-inner\"><img decoding=\"async\" class=\"swiper-slide-image\" src=\"https:\/\/sagafjord.dk\/wp-content\/uploads\/2023\/03\/01Sagafjord_16x9.jpg\" alt=\"01Sagafjord_16x9.jpg\" \/><\/figure><\/div>\t\t\t<\/div>\n\t\t\t\t\t\t\t\t\t\t\t\t<div class=\"elementor-swiper-button elementor-swiper-button-prev\" role=\"button\" tabindex=\"0\">\n\t\t\t\t\t\t<i aria-hidden=\"true\" class=\"eicon-chevron-left\"><\/i>\t\t\t\t\t<\/div>\n\t\t\t\t\t<div class=\"elementor-swiper-button elementor-swiper-button-next\" role=\"button\" tabindex=\"0\">\n\t\t\t\t\t\t<i aria-hidden=\"true\" class=\"eicon-chevron-right\"><\/i>\t\t\t\t\t<\/div>\n\t\t\t\t\n\t\t\t\t\t\t\t\t\t<\/div>\n\t\t\t\t\t\t<\/div>\n\t\t\t\t<\/div>\n\t\t\t\t\t<\/div>\n\t\t<\/div>\n\t\t\t\t\t<\/div>\n\t\t<\/section>\n\t\t\t\t<\/div>\n\t\t","protected":false},"excerpt":{"rendered":"<p>History of the ship Sagafjord is a ship from the 1950s, originally built as a passenger ferry in Norway, but has now been sailing on Roskilde Fjord for many years, hosting parties and meals as a sailing restaurant. Sagafjord is originally a Norwegian ship and was delivered as a car and passenger ferry to the&#8230;<\/p>\n","protected":false},"author":18,"featured_media":0,"parent":0,"menu_order":10,"comment_status":"closed","ping_status":"closed","template":"","meta":{"_kad_post_transparent":"","_kad_post_title":"","_kad_post_layout":"","_kad_post_sidebar_id":"","_kad_post_content_style":"","_kad_post_vertical_padding":"","_kad_post_feature":"","_kad_post_feature_position":"","_kad_post_header":false,"_kad_post_footer":false,"_kad_post_classname":"","footnotes":""},"class_list":["post-19365","page","type-page","status-publish","hentry"],"_links":{"self":[{"href":"https:\/\/sagafjord.dk\/en\/wp-json\/wp\/v2\/pages\/19365","targetHints":{"allow":["GET"]}}],"collection":[{"href":"https:\/\/sagafjord.dk\/en\/wp-json\/wp\/v2\/pages"}],"about":[{"href":"https:\/\/sagafjord.dk\/en\/wp-json\/wp\/v2\/types\/page"}],"author":[{"embeddable":true,"href":"https:\/\/sagafjord.dk\/en\/wp-json\/wp\/v2\/users\/18"}],"replies":[{"embeddable":true,"href":"https:\/\/sagafjord.dk\/en\/wp-json\/wp\/v2\/comments?post=19365"}],"version-history":[{"count":6,"href":"https:\/\/sagafjord.dk\/en\/wp-json\/wp\/v2\/pages\/19365\/revisions"}],"predecessor-version":[{"id":19539,"href":"https:\/\/sagafjord.dk\/en\/wp-json\/wp\/v2\/pages\/19365\/revisions\/19539"}],"wp:attachment":[{"href":"https:\/\/sagafjord.dk\/en\/wp-json\/wp\/v2\/media?parent=19365"}],"curies":[{"name":"wp","href":"https:\/\/api.w.org\/{rel}","templated":true}]}}